{"id":428,"date":"2017-11-07T19:17:11","date_gmt":"2017-11-07T19:17:11","guid":{"rendered":"https:\/\/archiwumsp1.zsobystrzyca.pl\/?page_id=428"},"modified":"2018-11-27T22:12:41","modified_gmt":"2018-11-27T21:12:41","slug":"projekty","status":"publish","type":"page","link":"https:\/\/archiwumsp1.zsobystrzyca.pl\/?page_id=428","title":{"rendered":"PROJEKTY"},"content":{"rendered":"<p>Projekt organizowany przez Zesp\u00f3\u0142 Szk\u00f3\u0142 Og\u00f3lnokszta\u0142c\u0105cych:<\/p>\n<p>&#8222;Od pierwszoklasisty do licealisty&#8221;<\/p>\n<p><a href=\"https:\/\/archiwumsp1.zsobystrzyca.pl\/wp-content\/uploads\/2018\/10\/regulamin-naboru-_Od-pierwszoklasisty-do-licealisty_-.pdf\">pobierz regulamin naboru _Od pierwszoklasisty do licealisty_<\/a><\/p>\n<p>Harmonogram zaj\u0119\u0107 w ramach zaj\u0119\u0107 \u201eOd pierwszoklasisty do licealisty\u201d obowi\u0105zuj\u0105cy od dnia 08.10.2018 r.<\/p>\n<p><a href=\"https:\/\/archiwumsp1.zsobystrzyca.pl\/wp-content\/uploads\/2018\/11\/Harmonogram-zaj\u0119\u0107.pdf\">pobierz Harmonogram zaj\u0119\u0107<\/a><\/p>\n","protected":false},"excerpt":{"rendered":"<p>Projekt organizowany przez Zesp\u00f3\u0142 Szk\u00f3\u0142 Og\u00f3lnokszta\u0142c\u0105cych: &#8222;Od pierwszoklasisty do licealisty&#8221; pobierz regulamin naboru _Od pierwszoklasisty do licealisty_ Harmonogram zaj\u0119\u0107 w ramach zaj\u0119\u0107 \u201eOd pierwszoklasisty do licealisty\u201d obowi\u0105zuj\u0105cy od dnia 08.10.2018 r. pobierz Harmonogram zaj\u0119\u0107<\/p>\n","protected":false},"author":1,"featured_media":0,"parent":0,"menu_order":0,"comment_status":"closed","ping_status":"closed","template":"","meta":{"footnotes":""},"_links":{"self":[{"href":"https:\/\/archiwumsp1.zsobystrzyca.pl\/index.php?rest_route=\/wp\/v2\/pages\/428"}],"collection":[{"href":"https:\/\/archiwumsp1.zsobystrzyca.pl\/index.php?rest_route=\/wp\/v2\/pages"}],"about":[{"href":"https:\/\/archiwumsp1.zsobystrzyca.pl\/index.php?rest_route=\/wp\/v2\/types\/page"}],"author":[{"embeddable":true,"href":"https:\/\/archiwumsp1.zsobystrzyca.pl\/index.php?rest_route=\/wp\/v2\/users\/1"}],"replies":[{"embeddable":true,"href":"https:\/\/archiwumsp1.zsobystrzyca.pl\/index.php?rest_route=%2Fwp%2Fv2%2Fcomments&post=428"}],"version-history":[{"count":6,"href":"https:\/\/archiwumsp1.zsobystrzyca.pl\/index.php?rest_route=\/wp\/v2\/pages\/428\/revisions"}],"predecessor-version":[{"id":1330,"href":"https:\/\/archiwumsp1.zsobystrzyca.pl\/index.php?rest_route=\/wp\/v2\/pages\/428\/revisions\/1330"}],"wp:attachment":[{"href":"https:\/\/archiwumsp1.zsobystrzyca.pl\/index.php?rest_route=%2Fwp%2Fv2%2Fmedia&parent=428"}],"curies":[{"name":"wp","href":"https:\/\/api.w.org\/{rel}","templated":true}]}}