{"id":403,"date":"2017-11-07T13:34:15","date_gmt":"2017-11-07T13:34:15","guid":{"rendered":"https:\/\/archiwumsp1.zsobystrzyca.pl\/?page_id=403"},"modified":"2017-11-07T19:42:32","modified_gmt":"2017-11-07T19:42:32","slug":"projekt-bezpieczna","status":"publish","type":"page","link":"https:\/\/archiwumsp1.zsobystrzyca.pl\/?page_id=403","title":{"rendered":"Projekt &#8222;Bezpieczna+&#8221;"},"content":{"rendered":"<p>W ramach projektu &#8221;Bezpieczna +&#8221; 11 wrze\u015bnia 2017r w kl.1b odby\u0142y si\u0119 zaj\u0119cia z udzia\u0142em policjant\u00f3w. Uczniowie wraz z policjantami praktycznie \u0107wiczyli zasady przechodzenia przez jezdni\u0119.<br \/>\nW ci\u0105gu wielu zaj\u0119\u0107 pierwszaki utrwala\u0142y zasady przechodzenia przez jezdni\u0119, poznawa\u0142y znaki drogowe oraz zasady ruchu drogowego. Na koniec wykonali prace plastyczne.<br \/>\n5 pa\u017adziernika 2017r. w ramach projektu &#8221; Bezpieczna +&#8221; uczniowie 1b wybrali si\u0119 do Stra\u017cy Po\u017carnej w Bystrzycy K\u0142. W trakcie zaj\u0119\u0107 pierwszaki pozna\u0142y zasady w\u0142a\u015bciwego zachowania si\u0119 w czasie po\u017caru i zagro\u017cenia \u017cycia. Obejrza\u0142y sprz\u0119t. Dzieci by\u0142y zachwycone.<br \/>\n27 pa\u017adziernika 2017r. w kl.1b odby\u0142y si\u0119 zaj\u0119cia z cyklu &#8221;Bezpiecze\u0144stwo w domu&#8221; w ramach projektu &#8221;Bezpieczna +&#8221;. Uczniowie poznali proste urz\u0105dzenia techniczne oraz zasady bezpiecznego ich u\u017cytkowania. Wykonali prace plastyczne. W klasie powsta\u0142 k\u0105cik tematyczny.<br \/>\nUrszula G\u0142\u0105ba<\/p>\n<div id='gallery-1' class='gallery galleryid-403 gallery-columns-3 gallery-size-thumbnail'><figure class='gallery-item'>\n\t\t\t<div class='gallery-icon landscape'>\n\t\t\t\t<a href='https:\/\/archiwumsp1.zsobystrzyca.pl\/?attachment_id=407'><img loading=\"lazy\" decoding=\"async\" width=\"150\" height=\"150\" src=\"https:\/\/archiwumsp1.zsobystrzyca.pl\/wp-content\/uploads\/2017\/11\/20170928_101930-150x150.jpg\" class=\"attachment-thumbnail size-thumbnail\" alt=\"\" \/><\/a>\n\t\t\t<\/div><\/figure><figure class='gallery-item'>\n\t\t\t<div class='gallery-icon landscape'>\n\t\t\t\t<a href='https:\/\/archiwumsp1.zsobystrzyca.pl\/?attachment_id=408'><img loading=\"lazy\" decoding=\"async\" width=\"150\" height=\"150\" src=\"https:\/\/archiwumsp1.zsobystrzyca.pl\/wp-content\/uploads\/2017\/11\/20170928_104139-150x150.jpg\" class=\"attachment-thumbnail size-thumbnail\" alt=\"\" \/><\/a>\n\t\t\t<\/div><\/figure><figure class='gallery-item'>\n\t\t\t<div class='gallery-icon landscape'>\n\t\t\t\t<a href='https:\/\/archiwumsp1.zsobystrzyca.pl\/?attachment_id=409'><img loading=\"lazy\" decoding=\"async\" width=\"150\" height=\"150\" src=\"https:\/\/archiwumsp1.zsobystrzyca.pl\/wp-content\/uploads\/2017\/11\/20170928_115633-150x150.jpg\" class=\"attachment-thumbnail size-thumbnail\" alt=\"\" \/><\/a>\n\t\t\t<\/div><\/figure><figure class='gallery-item'>\n\t\t\t<div class='gallery-icon landscape'>\n\t\t\t\t<a href='https:\/\/archiwumsp1.zsobystrzyca.pl\/?attachment_id=410'><img loading=\"lazy\" decoding=\"async\" width=\"150\" height=\"150\" src=\"https:\/\/archiwumsp1.zsobystrzyca.pl\/wp-content\/uploads\/2017\/11\/20170928_115949-150x150.jpg\" class=\"attachment-thumbnail size-thumbnail\" alt=\"\" \/><\/a>\n\t\t\t<\/div><\/figure><figure class='gallery-item'>\n\t\t\t<div class='gallery-icon landscape'>\n\t\t\t\t<a href='https:\/\/archiwumsp1.zsobystrzyca.pl\/?attachment_id=411'><img loading=\"lazy\" decoding=\"async\" width=\"150\" height=\"150\" src=\"https:\/\/archiwumsp1.zsobystrzyca.pl\/wp-content\/uploads\/2017\/11\/20171029_1751210-150x150.jpg\" class=\"attachment-thumbnail size-thumbnail\" alt=\"\" \/><\/a>\n\t\t\t<\/div><\/figure><figure class='gallery-item'>\n\t\t\t<div class='gallery-icon landscape'>\n\t\t\t\t<a href='https:\/\/archiwumsp1.zsobystrzyca.pl\/?attachment_id=412'><img loading=\"lazy\" decoding=\"async\" width=\"150\" height=\"150\" src=\"https:\/\/archiwumsp1.zsobystrzyca.pl\/wp-content\/uploads\/2017\/11\/20171029_175159-150x150.jpg\" class=\"attachment-thumbnail size-thumbnail\" alt=\"\" \/><\/a>\n\t\t\t<\/div><\/figure><figure class='gallery-item'>\n\t\t\t<div class='gallery-icon landscape'>\n\t\t\t\t<a href='https:\/\/archiwumsp1.zsobystrzyca.pl\/?attachment_id=413'><img loading=\"lazy\" decoding=\"async\" width=\"150\" height=\"150\" src=\"https:\/\/archiwumsp1.zsobystrzyca.pl\/wp-content\/uploads\/2017\/11\/23283101_1615749338482260_2039040071_n-150x150.jpg\" class=\"attachment-thumbnail size-thumbnail\" alt=\"\" \/><\/a>\n\t\t\t<\/div><\/figure>\n\t\t<\/div>\n\n","protected":false},"excerpt":{"rendered":"<p>W ramach projektu &#8221;Bezpieczna +&#8221; 11 wrze\u015bnia 2017r w kl.1b odby\u0142y si\u0119 zaj\u0119cia z udzia\u0142em policjant\u00f3w. Uczniowie wraz z policjantami praktycznie \u0107wiczyli zasady przechodzenia przez jezdni\u0119. W ci\u0105gu wielu zaj\u0119\u0107 pierwszaki utrwala\u0142y zasady przechodzenia przez&#8230;<\/p>\n","protected":false},"author":1,"featured_media":0,"parent":428,"menu_order":2,"comment_status":"closed","ping_status":"closed","template":"","meta":{"footnotes":""},"_links":{"self":[{"href":"https:\/\/archiwumsp1.zsobystrzyca.pl\/index.php?rest_route=\/wp\/v2\/pages\/403"}],"collection":[{"href":"https:\/\/archiwumsp1.zsobystrzyca.pl\/index.php?rest_route=\/wp\/v2\/pages"}],"about":[{"href":"https:\/\/archiwumsp1.zsobystrzyca.pl\/index.php?rest_route=\/wp\/v2\/types\/page"}],"author":[{"embeddable":true,"href":"https:\/\/archiwumsp1.zsobystrzyca.pl\/index.php?rest_route=\/wp\/v2\/users\/1"}],"replies":[{"embeddable":true,"href":"https:\/\/archiwumsp1.zsobystrzyca.pl\/index.php?rest_route=%2Fwp%2Fv2%2Fcomments&post=403"}],"version-history":[{"count":7,"href":"https:\/\/archiwumsp1.zsobystrzyca.pl\/index.php?rest_route=\/wp\/v2\/pages\/403\/revisions"}],"predecessor-version":[{"id":435,"href":"https:\/\/archiwumsp1.zsobystrzyca.pl\/index.php?rest_route=\/wp\/v2\/pages\/403\/revisions\/435"}],"up":[{"embeddable":true,"href":"https:\/\/archiwumsp1.zsobystrzyca.pl\/index.php?rest_route=\/wp\/v2\/pages\/428"}],"wp:attachment":[{"href":"https:\/\/archiwumsp1.zsobystrzyca.pl\/index.php?rest_route=%2Fwp%2Fv2%2Fmedia&parent=403"}],"curies":[{"name":"wp","href":"https:\/\/api.w.org\/{rel}","templated":true}]}}