{"id":2422,"date":"2024-02-19T09:11:35","date_gmt":"2024-02-19T08:11:35","guid":{"rendered":"https:\/\/archiwumsp1.zsobystrzyca.pl\/?page_id=2422"},"modified":"2024-02-19T09:14:27","modified_gmt":"2024-02-19T08:14:27","slug":"standardy-ochrony","status":"publish","type":"page","link":"https:\/\/archiwumsp1.zsobystrzyca.pl\/?page_id=2422","title":{"rendered":"Standardy"},"content":{"rendered":"<p><a href=\"https:\/\/archiwumsp1.zsobystrzyca.pl\/wp-content\/uploads\/2024\/02\/Standardy-ochrony-maloletnich-wersja-skrocona.pdf\">Standardy ochrony ma\u0142oletnich &#8211; wersja skr\u00f3cona<\/a><\/p>\n<p><a href=\"https:\/\/archiwumsp1.zsobystrzyca.pl\/wp-content\/uploads\/2024\/02\/Standardy-ochrony-maloletnich-wersja-pelna.pdf\">Standardy ochrony ma\u0142oletnich &#8211; wersja pe\u0142na<\/a><\/p>\n","protected":false},"excerpt":{"rendered":"<p>Standardy ochrony ma\u0142oletnich &#8211; wersja skr\u00f3cona Standardy ochrony ma\u0142oletnich &#8211; wersja pe\u0142na<\/p>\n","protected":false},"author":3,"featured_media":0,"parent":0,"menu_order":0,"comment_status":"closed","ping_status":"closed","template":"","meta":{"footnotes":""},"_links":{"self":[{"href":"https:\/\/archiwumsp1.zsobystrzyca.pl\/index.php?rest_route=\/wp\/v2\/pages\/2422"}],"collection":[{"href":"https:\/\/archiwumsp1.zsobystrzyca.pl\/index.php?rest_route=\/wp\/v2\/pages"}],"about":[{"href":"https:\/\/archiwumsp1.zsobystrzyca.pl\/index.php?rest_route=\/wp\/v2\/types\/page"}],"author":[{"embeddable":true,"href":"https:\/\/archiwumsp1.zsobystrzyca.pl\/index.php?rest_route=\/wp\/v2\/users\/3"}],"replies":[{"embeddable":true,"href":"https:\/\/archiwumsp1.zsobystrzyca.pl\/index.php?rest_route=%2Fwp%2Fv2%2Fcomments&post=2422"}],"version-history":[{"count":2,"href":"https:\/\/archiwumsp1.zsobystrzyca.pl\/index.php?rest_route=\/wp\/v2\/pages\/2422\/revisions"}],"predecessor-version":[{"id":2427,"href":"https:\/\/archiwumsp1.zsobystrzyca.pl\/index.php?rest_route=\/wp\/v2\/pages\/2422\/revisions\/2427"}],"wp:attachment":[{"href":"https:\/\/archiwumsp1.zsobystrzyca.pl\/index.php?rest_route=%2Fwp%2Fv2%2Fmedia&parent=2422"}],"curies":[{"name":"wp","href":"https:\/\/api.w.org\/{rel}","templated":true}]}}