{"id":1332,"date":"2018-11-27T22:49:19","date_gmt":"2018-11-27T21:49:19","guid":{"rendered":"https:\/\/archiwumsp1.zsobystrzyca.pl\/?page_id=1332"},"modified":"2018-11-27T23:11:17","modified_gmt":"2018-11-27T22:11:17","slug":"fio-2018-projekt-miedzypokoleniowa-swietlica-integracyjna","status":"publish","type":"page","link":"https:\/\/archiwumsp1.zsobystrzyca.pl\/?page_id=1332","title":{"rendered":"FIO 2018 &#8211; Projekt &#8222;Mi\u0119dzypokoleniowa \u015bwietlica integracyjna&#8221;"},"content":{"rendered":"<p>\u201eNasza szko\u0142a jest weso\u0142a\u201d \u2013 Jedynka w Bystrzycy K\u0142odzkiej wyj\u0105tkowo bawi, rozwija i kszta\u0142ci!<a href=\"https:\/\/archiwumsp1.zsobystrzyca.pl\/wp-content\/uploads\/2018\/11\/logo.jpg\"><img loading=\"lazy\" decoding=\"async\" class=\" wp-image-1336 alignright\" src=\"https:\/\/archiwumsp1.zsobystrzyca.pl\/wp-content\/uploads\/2018\/11\/logo-300x125.jpg\" alt=\"\" width=\"365\" height=\"152\" srcset=\"https:\/\/archiwumsp1.zsobystrzyca.pl\/wp-content\/uploads\/2018\/11\/logo-300x125.jpg 300w, https:\/\/archiwumsp1.zsobystrzyca.pl\/wp-content\/uploads\/2018\/11\/logo-768x320.jpg 768w, https:\/\/archiwumsp1.zsobystrzyca.pl\/wp-content\/uploads\/2018\/11\/logo-655x273.jpg 655w, https:\/\/archiwumsp1.zsobystrzyca.pl\/wp-content\/uploads\/2018\/11\/logo.jpg 858w\" sizes=\"(max-width: 365px) 100vw, 365px\" \/><\/a><\/p>\n<p style=\"text-align: left;\">Od maja 2018 roku Zesp\u00f3\u0142 Szk\u00f3\u0142 Og\u00f3lnokszta\u0142c\u0105cych, w tym Szko\u0142a Podstawowa Nr 1, realizuje projekt FIO wspieraj\u0105cy rozw\u00f3j uczni\u00f3w.<br \/>\nOd maja do listopada tego roku uczniowie obj\u0119ci projektem uczestniczyli w licznych przedsi\u0119wzi\u0119ciach, kt\u00f3re zapewni\u0142y im ogromny rozw\u00f3j w aspekcie intelektualnym, emocjonalnym, spo\u0142ecznym i fizycznym.<br \/>\nW czasie wakacji nauczyciele przeprowadzili liczne zaj\u0119cia doskonal\u0105ce umiej\u0119tno\u015bci manualne i artystyczne u dzieci. Tw\u00f3rcze prace plastyczne i zabawy manualne rozwija\u0142y osobowo\u015b\u0107 ka\u017cdego dziecka. Szko\u0142a ma wiele klas integracyjnych, a dodatkowe zaj\u0119cia rozwijaj\u0105ce kreatywno\u015b\u0107 i zdolno\u015bci manualne dawa\u0142y dzieciom mo\u017cliwo\u015b\u0107 wy\u0142adowania emocji poprzez sztuk\u0119. Uczniowie zauwa\u017cyli, \u017ce plastyka to nie tylko kartka papieru i kredki, ale te\u017c tysi\u0105ce mo\u017cliwo\u015bci tworzenia ze wszystkiego, co znajdziemy wok\u00f3\u0142. Dzieci wykona\u0142y mn\u00f3stwo pi\u0119knych prac, m.in.: \u201ePaluszkowa\u201d \u0142\u0105ka mak\u00f3w, akwarium, latawce, plakat Moje Miasto, przestrzenne zwierzaki, wakacyjne kartki i wiele innych. Uczestniczy\u0142y te\u017c w licznych zabawach i zaj\u0119ciach og\u00f3lnorozwojowych na \u015bwie\u017cym powietrzu oraz wyjazdach na basen.<br \/>\nW pa\u017adzierniku uczniowie obj\u0119ci projektem wzi\u0119li udzia\u0142 w trzydniowej wycieczce do Poznania, Gniezna i Biskupina. By\u0142y to dni pe\u0142ne wra\u017ce\u0144 i znakomita lekcja o pocz\u0105tkach historii naszego pa\u0144stwa. W Poznaniu uczestnicy uczyli si\u0119 sztuki wypiekania Rogali \u015awi\u0119tomarci\u0144skich w Muzeum Rogalowym. Wizyta w Biskupinie by\u0142a podr\u00f3\u017c\u0105 w czasie do pocz\u0105tk\u00f3w polskiego pa\u0144stwa, a nawet do pocz\u0105tk\u00f3w osadnictwa na terenie naszego kraju. Muzeum Pocz\u0105tk\u00f3w Pa\u0144stwa Polskiego w Gnie\u017anie zaprezentowa\u0142o histori\u0119 pa\u0144stwa polskiego w formie spektaklu multimedialnego z wykorzystaniem film\u00f3w w technologii 3D .<br \/>\nW ramach projektu mia\u0142o r\u00f3wnie\u017c miejsce uroczyste otwarcie dw\u00f3ch pi\u0119knie wyremontowanych i wyposa\u017conych ze \u015brodk\u00f3w FIO sal \u015bwietlicowych. Pi\u0119kne sale, nowe meble, tablice interaktywne, sprz\u0119t karaoke, kukie\u0142kowy teatrzyk, magiczny interaktywny dywan to tylko nieliczne z atrakcji, z jakich korzystaj\u0105 wszyscy uczniowie naszej szko\u0142y.<br \/>\nZapraszamy do galerii zdj\u0119\u0107.<\/p>\n<div id='gallery-1' class='gallery galleryid-1332 gallery-columns-3 gallery-size-thumbnail'><figure class='gallery-item'>\n\t\t\t<div class='gallery-icon landscape'>\n\t\t\t\t<a href='https:\/\/archiwumsp1.zsobystrzyca.pl\/?attachment_id=1339'><img loading=\"lazy\" decoding=\"async\" width=\"150\" height=\"150\" src=\"https:\/\/archiwumsp1.zsobystrzyca.pl\/wp-content\/uploads\/2018\/11\/P1070305-150x150.jpg\" class=\"attachment-thumbnail size-thumbnail\" alt=\"\" \/><\/a>\n\t\t\t<\/div><\/figure><figure class='gallery-item'>\n\t\t\t<div class='gallery-icon landscape'>\n\t\t\t\t<a href='https:\/\/archiwumsp1.zsobystrzyca.pl\/?attachment_id=1340'><img loading=\"lazy\" decoding=\"async\" width=\"150\" height=\"150\" src=\"https:\/\/archiwumsp1.zsobystrzyca.pl\/wp-content\/uploads\/2018\/11\/P1070308-150x150.jpg\" class=\"attachment-thumbnail size-thumbnail\" alt=\"\" \/><\/a>\n\t\t\t<\/div><\/figure><figure class='gallery-item'>\n\t\t\t<div class='gallery-icon landscape'>\n\t\t\t\t<a href='https:\/\/archiwumsp1.zsobystrzyca.pl\/?attachment_id=1341'><img loading=\"lazy\" decoding=\"async\" width=\"150\" height=\"150\" src=\"https:\/\/archiwumsp1.zsobystrzyca.pl\/wp-content\/uploads\/2018\/11\/P1070312-150x150.jpg\" class=\"attachment-thumbnail size-thumbnail\" alt=\"\" \/><\/a>\n\t\t\t<\/div><\/figure><figure class='gallery-item'>\n\t\t\t<div class='gallery-icon landscape'>\n\t\t\t\t<a href='https:\/\/archiwumsp1.zsobystrzyca.pl\/?attachment_id=1342'><img loading=\"lazy\" decoding=\"async\" width=\"150\" height=\"150\" src=\"https:\/\/archiwumsp1.zsobystrzyca.pl\/wp-content\/uploads\/2018\/11\/P1070313-150x150.jpg\" class=\"attachment-thumbnail size-thumbnail\" alt=\"\" \/><\/a>\n\t\t\t<\/div><\/figure><figure class='gallery-item'>\n\t\t\t<div class='gallery-icon landscape'>\n\t\t\t\t<a href='https:\/\/archiwumsp1.zsobystrzyca.pl\/?attachment_id=1343'><img loading=\"lazy\" decoding=\"async\" width=\"150\" height=\"150\" src=\"https:\/\/archiwumsp1.zsobystrzyca.pl\/wp-content\/uploads\/2018\/11\/P1070317-150x150.jpg\" class=\"attachment-thumbnail size-thumbnail\" alt=\"\" \/><\/a>\n\t\t\t<\/div><\/figure><figure class='gallery-item'>\n\t\t\t<div class='gallery-icon landscape'>\n\t\t\t\t<a href='https:\/\/archiwumsp1.zsobystrzyca.pl\/?attachment_id=1344'><img loading=\"lazy\" decoding=\"async\" width=\"150\" height=\"150\" src=\"https:\/\/archiwumsp1.zsobystrzyca.pl\/wp-content\/uploads\/2018\/11\/P1070318-150x150.jpg\" class=\"attachment-thumbnail size-thumbnail\" alt=\"\" \/><\/a>\n\t\t\t<\/div><\/figure><figure class='gallery-item'>\n\t\t\t<div class='gallery-icon landscape'>\n\t\t\t\t<a href='https:\/\/archiwumsp1.zsobystrzyca.pl\/?attachment_id=1345'><img loading=\"lazy\" decoding=\"async\" width=\"150\" height=\"150\" src=\"https:\/\/archiwumsp1.zsobystrzyca.pl\/wp-content\/uploads\/2018\/11\/P1070322-150x150.jpg\" class=\"attachment-thumbnail size-thumbnail\" alt=\"\" \/><\/a>\n\t\t\t<\/div><\/figure><figure class='gallery-item'>\n\t\t\t<div class='gallery-icon landscape'>\n\t\t\t\t<a href='https:\/\/archiwumsp1.zsobystrzyca.pl\/?attachment_id=1346'><img loading=\"lazy\" decoding=\"async\" width=\"150\" height=\"150\" src=\"https:\/\/archiwumsp1.zsobystrzyca.pl\/wp-content\/uploads\/2018\/11\/P1070323-150x150.jpg\" class=\"attachment-thumbnail size-thumbnail\" alt=\"\" \/><\/a>\n\t\t\t<\/div><\/figure><figure class='gallery-item'>\n\t\t\t<div class='gallery-icon landscape'>\n\t\t\t\t<a href='https:\/\/archiwumsp1.zsobystrzyca.pl\/?attachment_id=1347'><img loading=\"lazy\" decoding=\"async\" width=\"150\" height=\"150\" src=\"https:\/\/archiwumsp1.zsobystrzyca.pl\/wp-content\/uploads\/2018\/11\/P1070324-150x150.jpg\" class=\"attachment-thumbnail size-thumbnail\" alt=\"\" \/><\/a>\n\t\t\t<\/div><\/figure><figure class='gallery-item'>\n\t\t\t<div class='gallery-icon landscape'>\n\t\t\t\t<a href='https:\/\/archiwumsp1.zsobystrzyca.pl\/?attachment_id=1348'><img loading=\"lazy\" decoding=\"async\" width=\"150\" height=\"150\" src=\"https:\/\/archiwumsp1.zsobystrzyca.pl\/wp-content\/uploads\/2018\/11\/P1070326-150x150.jpg\" class=\"attachment-thumbnail size-thumbnail\" alt=\"\" \/><\/a>\n\t\t\t<\/div><\/figure><figure class='gallery-item'>\n\t\t\t<div class='gallery-icon landscape'>\n\t\t\t\t<a href='https:\/\/archiwumsp1.zsobystrzyca.pl\/?attachment_id=1349'><img loading=\"lazy\" decoding=\"async\" width=\"150\" height=\"150\" src=\"https:\/\/archiwumsp1.zsobystrzyca.pl\/wp-content\/uploads\/2018\/11\/P1070349-150x150.jpg\" class=\"attachment-thumbnail size-thumbnail\" alt=\"\" \/><\/a>\n\t\t\t<\/div><\/figure><figure class='gallery-item'>\n\t\t\t<div class='gallery-icon landscape'>\n\t\t\t\t<a href='https:\/\/archiwumsp1.zsobystrzyca.pl\/?attachment_id=1350'><img loading=\"lazy\" decoding=\"async\" width=\"150\" height=\"150\" src=\"https:\/\/archiwumsp1.zsobystrzyca.pl\/wp-content\/uploads\/2018\/11\/P1070350-150x150.jpg\" class=\"attachment-thumbnail size-thumbnail\" alt=\"\" \/><\/a>\n\t\t\t<\/div><\/figure><figure class='gallery-item'>\n\t\t\t<div class='gallery-icon landscape'>\n\t\t\t\t<a href='https:\/\/archiwumsp1.zsobystrzyca.pl\/?attachment_id=1351'><img loading=\"lazy\" decoding=\"async\" width=\"150\" height=\"150\" src=\"https:\/\/archiwumsp1.zsobystrzyca.pl\/wp-content\/uploads\/2018\/11\/P1070351-150x150.jpg\" class=\"attachment-thumbnail size-thumbnail\" alt=\"\" \/><\/a>\n\t\t\t<\/div><\/figure><figure class='gallery-item'>\n\t\t\t<div class='gallery-icon landscape'>\n\t\t\t\t<a href='https:\/\/archiwumsp1.zsobystrzyca.pl\/?attachment_id=1352'><img loading=\"lazy\" decoding=\"async\" width=\"150\" height=\"150\" src=\"https:\/\/archiwumsp1.zsobystrzyca.pl\/wp-content\/uploads\/2018\/11\/P1070352-150x150.jpg\" class=\"attachment-thumbnail size-thumbnail\" alt=\"\" \/><\/a>\n\t\t\t<\/div><\/figure><figure class='gallery-item'>\n\t\t\t<div class='gallery-icon landscape'>\n\t\t\t\t<a href='https:\/\/archiwumsp1.zsobystrzyca.pl\/?attachment_id=1353'><img loading=\"lazy\" decoding=\"async\" width=\"150\" height=\"150\" src=\"https:\/\/archiwumsp1.zsobystrzyca.pl\/wp-content\/uploads\/2018\/11\/P1070353-150x150.jpg\" class=\"attachment-thumbnail size-thumbnail\" alt=\"\" \/><\/a>\n\t\t\t<\/div><\/figure><figure class='gallery-item'>\n\t\t\t<div class='gallery-icon landscape'>\n\t\t\t\t<a href='https:\/\/archiwumsp1.zsobystrzyca.pl\/?attachment_id=1354'><img loading=\"lazy\" decoding=\"async\" width=\"150\" height=\"150\" src=\"https:\/\/archiwumsp1.zsobystrzyca.pl\/wp-content\/uploads\/2018\/11\/P1070354-150x150.jpg\" class=\"attachment-thumbnail size-thumbnail\" alt=\"\" \/><\/a>\n\t\t\t<\/div><\/figure><figure class='gallery-item'>\n\t\t\t<div class='gallery-icon landscape'>\n\t\t\t\t<a href='https:\/\/archiwumsp1.zsobystrzyca.pl\/?attachment_id=1355'><img loading=\"lazy\" decoding=\"async\" width=\"150\" height=\"150\" src=\"https:\/\/archiwumsp1.zsobystrzyca.pl\/wp-content\/uploads\/2018\/11\/P1070358-150x150.jpg\" class=\"attachment-thumbnail size-thumbnail\" alt=\"\" \/><\/a>\n\t\t\t<\/div><\/figure><figure class='gallery-item'>\n\t\t\t<div class='gallery-icon landscape'>\n\t\t\t\t<a href='https:\/\/archiwumsp1.zsobystrzyca.pl\/?attachment_id=1356'><img loading=\"lazy\" decoding=\"async\" width=\"150\" height=\"150\" src=\"https:\/\/archiwumsp1.zsobystrzyca.pl\/wp-content\/uploads\/2018\/11\/P1070360-150x150.jpg\" class=\"attachment-thumbnail size-thumbnail\" alt=\"\" \/><\/a>\n\t\t\t<\/div><\/figure><figure class='gallery-item'>\n\t\t\t<div class='gallery-icon landscape'>\n\t\t\t\t<a href='https:\/\/archiwumsp1.zsobystrzyca.pl\/?attachment_id=1357'><img loading=\"lazy\" decoding=\"async\" width=\"150\" height=\"150\" src=\"https:\/\/archiwumsp1.zsobystrzyca.pl\/wp-content\/uploads\/2018\/11\/P1070361-150x150.jpg\" class=\"attachment-thumbnail size-thumbnail\" alt=\"\" \/><\/a>\n\t\t\t<\/div><\/figure><figure class='gallery-item'>\n\t\t\t<div class='gallery-icon landscape'>\n\t\t\t\t<a href='https:\/\/archiwumsp1.zsobystrzyca.pl\/?attachment_id=1358'><img loading=\"lazy\" decoding=\"async\" width=\"150\" height=\"150\" src=\"https:\/\/archiwumsp1.zsobystrzyca.pl\/wp-content\/uploads\/2018\/11\/P1070365-150x150.jpg\" class=\"attachment-thumbnail size-thumbnail\" alt=\"\" \/><\/a>\n\t\t\t<\/div><\/figure><figure class='gallery-item'>\n\t\t\t<div class='gallery-icon landscape'>\n\t\t\t\t<a href='https:\/\/archiwumsp1.zsobystrzyca.pl\/?attachment_id=1359'><img loading=\"lazy\" decoding=\"async\" width=\"150\" height=\"150\" src=\"https:\/\/archiwumsp1.zsobystrzyca.pl\/wp-content\/uploads\/2018\/11\/P1070367-150x150.jpg\" class=\"attachment-thumbnail size-thumbnail\" alt=\"\" \/><\/a>\n\t\t\t<\/div><\/figure><figure class='gallery-item'>\n\t\t\t<div class='gallery-icon landscape'>\n\t\t\t\t<a href='https:\/\/archiwumsp1.zsobystrzyca.pl\/?attachment_id=1360'><img loading=\"lazy\" decoding=\"async\" width=\"150\" height=\"150\" src=\"https:\/\/archiwumsp1.zsobystrzyca.pl\/wp-content\/uploads\/2018\/11\/P1070369-150x150.jpg\" class=\"attachment-thumbnail size-thumbnail\" alt=\"\" \/><\/a>\n\t\t\t<\/div><\/figure><figure class='gallery-item'>\n\t\t\t<div class='gallery-icon landscape'>\n\t\t\t\t<a href='https:\/\/archiwumsp1.zsobystrzyca.pl\/?attachment_id=1361'><img loading=\"lazy\" decoding=\"async\" width=\"150\" height=\"150\" src=\"https:\/\/archiwumsp1.zsobystrzyca.pl\/wp-content\/uploads\/2018\/11\/P1070370-150x150.jpg\" class=\"attachment-thumbnail size-thumbnail\" alt=\"\" \/><\/a>\n\t\t\t<\/div><\/figure><figure class='gallery-item'>\n\t\t\t<div class='gallery-icon landscape'>\n\t\t\t\t<a href='https:\/\/archiwumsp1.zsobystrzyca.pl\/?attachment_id=1362'><img loading=\"lazy\" decoding=\"async\" width=\"150\" height=\"150\" src=\"https:\/\/archiwumsp1.zsobystrzyca.pl\/wp-content\/uploads\/2018\/11\/P1070371-150x150.jpg\" class=\"attachment-thumbnail size-thumbnail\" alt=\"\" \/><\/a>\n\t\t\t<\/div><\/figure><figure class='gallery-item'>\n\t\t\t<div class='gallery-icon landscape'>\n\t\t\t\t<a href='https:\/\/archiwumsp1.zsobystrzyca.pl\/?attachment_id=1363'><img loading=\"lazy\" decoding=\"async\" width=\"150\" height=\"150\" src=\"https:\/\/archiwumsp1.zsobystrzyca.pl\/wp-content\/uploads\/2018\/11\/P1070379-150x150.jpg\" class=\"attachment-thumbnail size-thumbnail\" alt=\"\" \/><\/a>\n\t\t\t<\/div><\/figure><figure class='gallery-item'>\n\t\t\t<div class='gallery-icon landscape'>\n\t\t\t\t<a href='https:\/\/archiwumsp1.zsobystrzyca.pl\/?attachment_id=1364'><img loading=\"lazy\" decoding=\"async\" width=\"150\" height=\"150\" src=\"https:\/\/archiwumsp1.zsobystrzyca.pl\/wp-content\/uploads\/2018\/11\/P1070380-150x150.jpg\" class=\"attachment-thumbnail size-thumbnail\" alt=\"\" \/><\/a>\n\t\t\t<\/div><\/figure><figure class='gallery-item'>\n\t\t\t<div class='gallery-icon landscape'>\n\t\t\t\t<a href='https:\/\/archiwumsp1.zsobystrzyca.pl\/?attachment_id=1365'><img loading=\"lazy\" decoding=\"async\" width=\"150\" height=\"150\" src=\"https:\/\/archiwumsp1.zsobystrzyca.pl\/wp-content\/uploads\/2018\/11\/P1070381-150x150.jpg\" class=\"attachment-thumbnail size-thumbnail\" alt=\"\" \/><\/a>\n\t\t\t<\/div><\/figure><figure class='gallery-item'>\n\t\t\t<div class='gallery-icon landscape'>\n\t\t\t\t<a href='https:\/\/archiwumsp1.zsobystrzyca.pl\/?attachment_id=1366'><img loading=\"lazy\" decoding=\"async\" width=\"150\" height=\"150\" src=\"https:\/\/archiwumsp1.zsobystrzyca.pl\/wp-content\/uploads\/2018\/11\/P1070384-150x150.jpg\" class=\"attachment-thumbnail size-thumbnail\" alt=\"\" \/><\/a>\n\t\t\t<\/div><\/figure><figure class='gallery-item'>\n\t\t\t<div class='gallery-icon landscape'>\n\t\t\t\t<a href='https:\/\/archiwumsp1.zsobystrzyca.pl\/?attachment_id=1367'><img loading=\"lazy\" decoding=\"async\" width=\"150\" height=\"150\" src=\"https:\/\/archiwumsp1.zsobystrzyca.pl\/wp-content\/uploads\/2018\/11\/P1070386-150x150.jpg\" class=\"attachment-thumbnail size-thumbnail\" alt=\"\" \/><\/a>\n\t\t\t<\/div><\/figure><figure class='gallery-item'>\n\t\t\t<div class='gallery-icon landscape'>\n\t\t\t\t<a href='https:\/\/archiwumsp1.zsobystrzyca.pl\/?attachment_id=1368'><img loading=\"lazy\" decoding=\"async\" width=\"150\" height=\"150\" src=\"https:\/\/archiwumsp1.zsobystrzyca.pl\/wp-content\/uploads\/2018\/11\/P1070387-150x150.jpg\" class=\"attachment-thumbnail size-thumbnail\" alt=\"\" \/><\/a>\n\t\t\t<\/div><\/figure>\n\t\t<\/div>\n\n<p style=\"text-align: right;\">R. Samborska<\/p>\n","protected":false},"excerpt":{"rendered":"<p>\u201eNasza szko\u0142a jest weso\u0142a\u201d \u2013 Jedynka w Bystrzycy K\u0142odzkiej wyj\u0105tkowo bawi, rozwija i kszta\u0142ci! Od maja 2018 roku Zesp\u00f3\u0142 Szk\u00f3\u0142 Og\u00f3lnokszta\u0142c\u0105cych, w tym Szko\u0142a Podstawowa Nr 1, realizuje projekt FIO wspieraj\u0105cy rozw\u00f3j uczni\u00f3w. Od maja&#8230;<\/p>\n","protected":false},"author":1,"featured_media":0,"parent":0,"menu_order":0,"comment_status":"closed","ping_status":"closed","template":"","meta":{"footnotes":""},"_links":{"self":[{"href":"https:\/\/archiwumsp1.zsobystrzyca.pl\/index.php?rest_route=\/wp\/v2\/pages\/1332"}],"collection":[{"href":"https:\/\/archiwumsp1.zsobystrzyca.pl\/index.php?rest_route=\/wp\/v2\/pages"}],"about":[{"href":"https:\/\/archiwumsp1.zsobystrzyca.pl\/index.php?rest_route=\/wp\/v2\/types\/page"}],"author":[{"embeddable":true,"href":"https:\/\/archiwumsp1.zsobystrzyca.pl\/index.php?rest_route=\/wp\/v2\/users\/1"}],"replies":[{"embeddable":true,"href":"https:\/\/archiwumsp1.zsobystrzyca.pl\/index.php?rest_route=%2Fwp%2Fv2%2Fcomments&post=1332"}],"version-history":[{"count":5,"href":"https:\/\/archiwumsp1.zsobystrzyca.pl\/index.php?rest_route=\/wp\/v2\/pages\/1332\/revisions"}],"predecessor-version":[{"id":1337,"href":"https:\/\/archiwumsp1.zsobystrzyca.pl\/index.php?rest_route=\/wp\/v2\/pages\/1332\/revisions\/1337"}],"wp:attachment":[{"href":"https:\/\/archiwumsp1.zsobystrzyca.pl\/index.php?rest_route=%2Fwp%2Fv2%2Fmedia&parent=1332"}],"curies":[{"name":"wp","href":"https:\/\/api.w.org\/{rel}","templated":true}]}}